{"id":171,"date":"2008-12-21T14:50:55","date_gmt":"2008-12-21T19:50:55","guid":{"rendered":"http:\/\/dilettantes.code4lib.org\/?page_id=171"},"modified":"2008-12-22T14:53:44","modified_gmt":"2008-12-22T19:53:44","slug":"presentations","status":"publish","type":"page","link":"https:\/\/rossfsinger.me\/blog\/presentations\/","title":{"rendered":"Presentations"},"content":{"rendered":"<p class=\"section\"><strong><\/strong><\/p>\n<ul>\n<li><a href=\"\/files\/pdf\/JanglingDarien.pdf\">Jangle:  Your library as AtomPub<\/a>:  Darien Public Library &#8220;Dev Summit&#8221; (September 2008)<\/li>\n<li><a href=\"\/files\/pdf\/CIL-08-Cybertour.pdf\">Looking Beyond Web 2.0:  what are we going to do with all this stuff we\u00e2\u20ac\u2122ve made?<\/a>:  Computers in Libraries, Cybertour (April 2008)<\/li>\n<li><a href=\"\/files\/pdf\/Jangle-Lightning-Talk.pdf\">Jangle:  RESTful Library service Layer<\/a>:  Code4Lib 2008 Lightning Talk (February 2008)<\/li>\n<li><a href=\"\/presentations\/openurl\/\">\u00c3\u2013p\u00c3\u00abn\u00c3\u0153RL<\/a>, with <a href=\"http:\/\/bibwild.wordpress.com\/\">Jonathan Rochkind<\/a>: Code4Lib 2008 (February 2008)<\/li>\n<li><a href=\"\/files\/ppt\/thecommunicat.ppt\">The Communicat:  Contribute to the collective collection, comrade<\/a>:  Ontario Library Superconference (February 2007)<\/li>\n<li><a href=\"\/files\/ppt\/LibLibOLA.ppt\">Librarian&#8217;s Lib:  Taking control of what&#8217;s ours<\/a>:  Ontario Library Superconference (February 2007)<\/li>\n<li><a href=\"\/files\/MALTA-III\/\">All About &Uuml;<\/a>: MALTA III (November 2006)<\/li>\n<li><a href=\"\/files\/access2006\/\">The \u00c3\u0153mlaut and \u00c3\u0153<\/a>:\u00c2\u00a0 Access 2006 (October 2006)<\/li>\n<li><a href=\"\/files\/ppt\/ALA2006.ppt\">Socially Inept? Shoehorning tags on a library<\/a>: ACIG\/LITA &#8211; ALA Annual 2006 (June 2006)<\/li>\n<li><a href=\"\/files\/eluna2006\/\">\u00c3\u0153berating our \u00c3\u2013pen\u00c3\u0153RLs<\/a>: ELUNA 2006 (June 2006)<\/li>\n<li><a href=\"\/files\/enduser2006\/\">Declunkifying your Z-Server: Implementing SRW\/U, OpenSearch and other web services to your Voyager server<\/a>: Enduser 2006 (April 2006)<\/li>\n<li><a href=\"\/files\/Access2005\/\">(Grease)Monkeywrenching the Library: Utilizing the sloppy underbelly of the web to expose our collections and services<\/a>: Access 2005 (October 2005)<\/li>\n<li>Using WAG the Dog and COinS to Expose Collections and Services: \u00c2\u00a0NISO OpenURL\/Metasearch Workshop (August 2005)<\/li>\n<li><a href=\"\/files\/SMUG\/\">Taming Google Scholar<\/a>: \u00c2\u00a0SMUG 2005 (June 2005)<\/li>\n<li><a href=\"\/files\/GUGM\/\">WAGging Google Scholar (and beyond!): Localizing and Contextualizing the Web<\/a>: GUGM 2005 (May 2005)<\/li>\n<li>WAGging the Web: Exposing our collections and services where the users are: MALTA I (March 2005)<\/li>\n<\/ul>\n","protected":false},"excerpt":{"rendered":"<p>Jangle: Your library as AtomPub: Darien Public Library &#8220;Dev Summit&#8221; (September 2008) Looking Beyond Web 2.0: what are we going to do with all this stuff we\u00e2\u20ac\u2122ve made?: Computers in Libraries, Cybertour (April 2008) Jangle: RESTful Library service Layer: Code4Lib 2008 Lightning Talk (February 2008) \u00c3\u2013p\u00c3\u00abn\u00c3\u0153RL, with Jonathan Rochkind: Code4Lib 2008 (February 2008) The Communicat: [&hellip;]<\/p>\n","protected":false},"author":1,"featured_media":0,"parent":0,"menu_order":0,"comment_status":"open","ping_status":"open","template":"","meta":{"footnotes":""},"class_list":["post-171","page","type-page","status-publish","hentry"],"_links":{"self":[{"href":"https:\/\/rossfsinger.me\/blog\/wp-json\/wp\/v2\/pages\/171","targetHints":{"allow":["GET"]}}],"collection":[{"href":"https:\/\/rossfsinger.me\/blog\/wp-json\/wp\/v2\/pages"}],"about":[{"href":"https:\/\/rossfsinger.me\/blog\/wp-json\/wp\/v2\/types\/page"}],"author":[{"embeddable":true,"href":"https:\/\/rossfsinger.me\/blog\/wp-json\/wp\/v2\/users\/1"}],"replies":[{"embeddable":true,"href":"https:\/\/rossfsinger.me\/blog\/wp-json\/wp\/v2\/comments?post=171"}],"version-history":[{"count":11,"href":"https:\/\/rossfsinger.me\/blog\/wp-json\/wp\/v2\/pages\/171\/revisions"}],"predecessor-version":[{"id":200,"href":"https:\/\/rossfsinger.me\/blog\/wp-json\/wp\/v2\/pages\/171\/revisions\/200"}],"wp:attachment":[{"href":"https:\/\/rossfsinger.me\/blog\/wp-json\/wp\/v2\/media?parent=171"}],"curies":[{"name":"wp","href":"https:\/\/api.w.org\/{rel}","templated":true}]}}